{"id":68,"date":"2021-03-06T14:19:37","date_gmt":"2021-03-06T14:19:37","guid":{"rendered":"https:\/\/gunnarsloppis.se\/?page_id=68"},"modified":"2024-07-21T02:51:47","modified_gmt":"2024-07-21T02:51:47","slug":"hem","status":"publish","type":"page","link":"https:\/\/gunnarsloppis.se\/","title":{"rendered":"HEM"},"content":{"rendered":"\n<p class=\"has-black-color has-text-color has-large-font-size\"><\/p>\n\n\n\n<p class=\"has-black-color has-luminous-vivid-amber-background-color has-text-color has-background has-large-font-size\"><strong>LOPPISEN HAR ST\u00c4NGT PGA BRAND<\/strong><br>Tack alla mina stammisar och \u00f6vriga kunder f\u00f6r 6 fantastiska \u00e5r. Jag kommer att hj\u00e4lpa min syster som startar Dianas Loppis och Antik i Bj\u00e4rnum i h\u00f6st. <br>Mvh Gunnar Dahre<\/p>\n\n\n\n<p><\/p>\n\n\n\n<p class=\"has-black-color has-text-color has-large-font-size\"><strong>HANDIKAPPV\u00c4NLIG<\/strong> <strong>&amp; GOTT OM PARKERING<\/strong><\/p>\n\n\n\n<p class=\"has-black-color has-text-color has-large-font-size\"><strong>VI HAR CA 10.000 SAKER &amp; TING<\/strong><\/p>\n\n\n\n<p class=\"has-large-font-size\"><strong>Stj\u00e4rneholmsv\u00e4gen 10 <\/strong><\/p>\n\n\n\n<p class=\"has-large-font-size\"><strong>281 52 H\u00e4ssleholm<\/strong><\/p>\n\n\n\n<figure class=\"wp-block-image size-full is-resized\"><img loading=\"lazy\" decoding=\"async\" width=\"860\" height=\"829\" data-attachment-id=\"213\" data-permalink=\"https:\/\/gunnarsloppis.se\/index.php\/hem\/gunnars-loppis\/\" data-orig-file=\"https:\/\/gunnarsloppis.se\/wp-content\/uploads\/2023\/05\/Gunnars-loppis.png\" data-orig-size=\"860,829\" data-comments-opened=\"1\" data-image-meta=\"{&quot;aperture&quot;:&quot;0&quot;,&quot;credit&quot;:&quot;&quot;,&quot;camera&quot;:&quot;&quot;,&quot;caption&quot;:&quot;&quot;,&quot;created_timestamp&quot;:&quot;0&quot;,&quot;copyright&quot;:&quot;&quot;,&quot;focal_length&quot;:&quot;0&quot;,&quot;iso&quot;:&quot;0&quot;,&quot;shutter_speed&quot;:&quot;0&quot;,&quot;title&quot;:&quot;&quot;,&quot;orientation&quot;:&quot;0&quot;}\" data-image-title=\"Gunnars-loppis\" data-image-description=\"\" data-image-caption=\"\" data-medium-file=\"https:\/\/gunnarsloppis.se\/wp-content\/uploads\/2023\/05\/Gunnars-loppis-300x289.png\" data-large-file=\"https:\/\/gunnarsloppis.se\/wp-content\/uploads\/2023\/05\/Gunnars-loppis.png\" src=\"https:\/\/gunnarsloppis.se\/wp-content\/uploads\/2023\/05\/Gunnars-loppis.png\" alt=\"\" class=\"wp-image-213\" style=\"width:645px;height:622px\" srcset=\"https:\/\/gunnarsloppis.se\/wp-content\/uploads\/2023\/05\/Gunnars-loppis.png 860w, https:\/\/gunnarsloppis.se\/wp-content\/uploads\/2023\/05\/Gunnars-loppis-300x289.png 300w, https:\/\/gunnarsloppis.se\/wp-content\/uploads\/2023\/05\/Gunnars-loppis-768x740.png 768w\" sizes=\"auto, (max-width: 860px) 100vw, 860px\" \/><\/figure>\n\n\n\n<p><strong>\u00d6PPETIDER<\/strong><\/p>\n\n\n\n<p class=\"has-medium-font-size\"><strong>Tisdag &amp; torsdag 13:00 \u2013 17:00<br>L\u00f6rdag &amp; s\u00f6ndag\/helgdag 11:00 \u2013 16:00<\/strong><\/p>\n\n\n\n<p class=\"has-medium-font-size\"><strong>Vill du komma p\u00e5 en annan tid?&nbsp;Ring&nbsp;mig p\u00e5 070 311 91 32<\/strong><br><strong><br>K\u00f6per, h\u00e4mtar och levererar enligt \u00f6verenskommelse.<\/strong><\/p>\n\n\n\n<div class=\"wp-block-buttons is-layout-flex wp-block-buttons-is-layout-flex\">\n<div class=\"wp-block-button\"><a class=\"wp-block-button__link wp-element-button\" href=\"https:\/\/gunnarsloppis.se\/index.php\/koper\/\">L\u00e4s mera<\/a><\/div>\n<\/div>\n","protected":false},"excerpt":{"rendered":"<p>LOPPISEN HAR ST\u00c4NGT PGA BRANDTack alla mina stammisar och \u00f6vriga kunder f\u00f6r 6 fantastiska \u00e5r. Jag kommer att hj\u00e4lpa min syster som startar Dianas Loppis och Antik i Bj\u00e4rnum i h\u00f6st. Mvh Gunnar Dahre HANDIKAPPV\u00c4NLIG &amp; GOTT OM PARKERING VI HAR CA 10.000 SAKER &amp; TING Stj\u00e4rneholmsv\u00e4gen 10 281 52&hellip;<\/p>\n<p class=\"more-link-wrapper\"><a class=\"more-link\" href=\"https:\/\/gunnarsloppis.se\/\">Read More<\/a><\/p>\n","protected":false},"author":1,"featured_media":0,"parent":0,"menu_order":0,"comment_status":"closed","ping_status":"closed","template":"","meta":{"footnotes":""},"class_list":["post-68","page","type-page","status-publish","hentry"],"jetpack_sharing_enabled":true,"_links":{"self":[{"href":"https:\/\/gunnarsloppis.se\/index.php\/wp-json\/wp\/v2\/pages\/68","targetHints":{"allow":["GET"]}}],"collection":[{"href":"https:\/\/gunnarsloppis.se\/index.php\/wp-json\/wp\/v2\/pages"}],"about":[{"href":"https:\/\/gunnarsloppis.se\/index.php\/wp-json\/wp\/v2\/types\/page"}],"author":[{"embeddable":true,"href":"https:\/\/gunnarsloppis.se\/index.php\/wp-json\/wp\/v2\/users\/1"}],"replies":[{"embeddable":true,"href":"https:\/\/gunnarsloppis.se\/index.php\/wp-json\/wp\/v2\/comments?post=68"}],"version-history":[{"count":40,"href":"https:\/\/gunnarsloppis.se\/index.php\/wp-json\/wp\/v2\/pages\/68\/revisions"}],"predecessor-version":[{"id":292,"href":"https:\/\/gunnarsloppis.se\/index.php\/wp-json\/wp\/v2\/pages\/68\/revisions\/292"}],"wp:attachment":[{"href":"https:\/\/gunnarsloppis.se\/index.php\/wp-json\/wp\/v2\/media?parent=68"}],"curies":[{"name":"wp","href":"https:\/\/api.w.org\/{rel}","templated":true}]}}