{"id":41,"date":"2021-03-06T13:23:00","date_gmt":"2021-03-06T13:23:00","guid":{"rendered":"https:\/\/gunnarsloppis.se\/?page_id=41"},"modified":"2021-03-06T17:30:35","modified_gmt":"2021-03-06T17:30:35","slug":"koper","status":"publish","type":"page","link":"https:\/\/gunnarsloppis.se\/index.php\/koper\/","title":{"rendered":"K\u00f6per"},"content":{"rendered":"\n<p class=\"has-medium-font-size\"><strong>K\u00f6per, h\u00e4mtar och levererar!<\/strong><\/p>\n\n\n\n<p class=\"has-medium-font-size\">Har du saker att s\u00e4lja, d\u00e5 \u00e4r jag intresserad av att k\u00f6pa och h\u00e4mta.<\/p>\n\n\n\n<p class=\"has-medium-font-size\">Jag kan \u00e4ven leverera saker som du k\u00f6pt av mig.<\/p>\n\n\n\n<p class=\"has-medium-font-size\"><a href=\"https:\/\/gunnarsloppis.se\/index.php\/hitta-hit\/\">Ring\u00a0<\/a>g\u00e4rna s\u00e5 pratar vi om det.<\/p>\n","protected":false},"excerpt":{"rendered":"<p>K\u00f6per, h\u00e4mtar och levererar! Har du saker att s\u00e4lja, d\u00e5 \u00e4r jag intresserad av att k\u00f6pa och h\u00e4mta. Jag kan \u00e4ven leverera saker som du k\u00f6pt av mig. Ring\u00a0g\u00e4rna s\u00e5 pratar vi om det.<\/p>\n","protected":false},"author":1,"featured_media":0,"parent":0,"menu_order":0,"comment_status":"closed","ping_status":"closed","template":"","meta":{"footnotes":""},"class_list":["post-41","page","type-page","status-publish","hentry"],"jetpack_sharing_enabled":true,"_links":{"self":[{"href":"https:\/\/gunnarsloppis.se\/index.php\/wp-json\/wp\/v2\/pages\/41","targetHints":{"allow":["GET"]}}],"collection":[{"href":"https:\/\/gunnarsloppis.se\/index.php\/wp-json\/wp\/v2\/pages"}],"about":[{"href":"https:\/\/gunnarsloppis.se\/index.php\/wp-json\/wp\/v2\/types\/page"}],"author":[{"embeddable":true,"href":"https:\/\/gunnarsloppis.se\/index.php\/wp-json\/wp\/v2\/users\/1"}],"replies":[{"embeddable":true,"href":"https:\/\/gunnarsloppis.se\/index.php\/wp-json\/wp\/v2\/comments?post=41"}],"version-history":[{"count":7,"href":"https:\/\/gunnarsloppis.se\/index.php\/wp-json\/wp\/v2\/pages\/41\/revisions"}],"predecessor-version":[{"id":153,"href":"https:\/\/gunnarsloppis.se\/index.php\/wp-json\/wp\/v2\/pages\/41\/revisions\/153"}],"wp:attachment":[{"href":"https:\/\/gunnarsloppis.se\/index.php\/wp-json\/wp\/v2\/media?parent=41"}],"curies":[{"name":"wp","href":"https:\/\/api.w.org\/{rel}","templated":true}]}}